{"id":2,"date":"2016-05-10T03:48:21","date_gmt":"2016-05-10T03:48:21","guid":{"rendered":"http:\/\/spiritkitchen.de\/?page_id=2"},"modified":"2024-04-26T00:04:13","modified_gmt":"2024-04-25T22:04:13","slug":"sample-page","status":"publish","type":"page","link":"https:\/\/www.spiritkitchen.de\/","title":{"rendered":"Willkommen"},"content":{"rendered":"<p>Endlich ist es soweit!<\/p>\n<p>Die Kirchenband \u201eSpirit Kitchen\u201c freut sich Ihnen ihr neues Programm \u201e<strong>Jesus ber\u00fchre mich<\/strong>\u201c\u00a0pr\u00e4sentieren zu k\u00f6nnen.<\/p>\n<p>Mit neuen Liedern, Texten und Bildern m\u00f6chten wir uns zusammen mit Ihnen auf die Spuren Gottes machen.\u00a0Freuen Sie sich auf wundersch\u00f6ne Songs, die Herzen ber\u00fchren k\u00f6nnen und Sie garantiert noch einige Zeit nach dem Konzert begleiten.<\/p>\n<p>Das Thema \u201eJesus ber\u00fchre mich\u201c, \u00a0steht im Mittelpunkt der Texte, die zwischen den Liedern vorgetragen werden.Dazu sollen unsere Bilder den Spannungsbogen zwischen Liedern und Texten noch einmal gef\u00fchlvoll abrunden.<\/p>\n<p>Schenken Sie uns 90 Minuten Ihrer Zeit und wir nehmen Sie mit auf eine musikalische Reise voller Spannung und geballter Leidenschaft.<\/p>\n<p>Die geplanten Konzerte sind in der Rubrik &#8222;Termine&#8220; eingestellt.<\/p>\n<p>Wir freuen uns auf Sie<\/p>\n<p>Spirit Kitchen<\/p>\n\n\n<p><\/p>\n","protected":false},"excerpt":{"rendered":"<p>Endlich ist es soweit! Die Kirchenband \u201eSpirit Kitchen\u201c freut sich Ihnen ihr neues Programm \u201eJesus ber\u00fchre mich\u201c\u00a0pr\u00e4sentieren zu k\u00f6nnen. Mit neuen Liedern, Texten und Bildern m\u00f6chten wir uns zusammen mit &hellip; <\/p>\n<p class=\"link-more\"><a href=\"https:\/\/www.spiritkitchen.de\/\" class=\"more-link\"><span class=\"screen-reader-text\">\u201eWillkommen\u201c <\/span>weiterlesen<\/a><\/p>\n","protected":false},"author":1,"featured_media":0,"parent":0,"menu_order":0,"comment_status":"closed","ping_status":"open","template":"","meta":{"footnotes":""},"class_list":["post-2","page","type-page","status-publish","hentry","gallery-content-unit"],"_links":{"self":[{"href":"https:\/\/www.spiritkitchen.de\/index.php?rest_route=\/wp\/v2\/pages\/2","targetHints":{"allow":["GET"]}}],"collection":[{"href":"https:\/\/www.spiritkitchen.de\/index.php?rest_route=\/wp\/v2\/pages"}],"about":[{"href":"https:\/\/www.spiritkitchen.de\/index.php?rest_route=\/wp\/v2\/types\/page"}],"author":[{"embeddable":true,"href":"https:\/\/www.spiritkitchen.de\/index.php?rest_route=\/wp\/v2\/users\/1"}],"replies":[{"embeddable":true,"href":"https:\/\/www.spiritkitchen.de\/index.php?rest_route=%2Fwp%2Fv2%2Fcomments&post=2"}],"version-history":[{"count":21,"href":"https:\/\/www.spiritkitchen.de\/index.php?rest_route=\/wp\/v2\/pages\/2\/revisions"}],"predecessor-version":[{"id":537,"href":"https:\/\/www.spiritkitchen.de\/index.php?rest_route=\/wp\/v2\/pages\/2\/revisions\/537"}],"wp:attachment":[{"href":"https:\/\/www.spiritkitchen.de\/index.php?rest_route=%2Fwp%2Fv2%2Fmedia&parent=2"}],"curies":[{"name":"wp","href":"https:\/\/api.w.org\/{rel}","templated":true}]}}